{"id":21,"date":"2024-01-25T15:40:32","date_gmt":"2024-01-25T15:40:32","guid":{"rendered":"https:\/\/dimasnatural.com\/?page_id=21"},"modified":"2024-06-13T15:33:01","modified_gmt":"2024-06-13T15:33:01","slug":"reembolso_devoluciones","status":"publish","type":"page","link":"https:\/\/dimasnatural.com\/index.php\/reembolso_devoluciones\/","title":{"rendered":"Pol\u00edtica de devoluciones y reembolsos"},"content":{"rendered":"<p><strong>Pol\u00edtica de devoluciones y reembolsos<\/strong><\/p><p>Si por cualquier motivo no quedas satisfecho con tu pedido, tienes un plazo de&nbsp;14 d\u00edas h\u00e1biles, a contar desde la fecha de entrega del pedido, para devolverlo. Podr\u00e1s devolver o cambiar un producto (siempre que no haya sido usado). <\/p><p>Solo tienes que comunicarte con nuestro departamento de atenci\u00f3n al cliente&nbsp;en info@dimasnatural.com y hacernos llegar el producto en perfectas condiciones. El env\u00edo de la devoluci\u00f3n hasta nuestro almac\u00e9n corre a cargo del cliente.<\/p><p>DIRECCI\u00d3N:<\/p><p>Dimas Natural<\/p><p>Calle Virgo N\u00ba7- 03580 Alfaz del Pi<\/p><p>Una vez que recibamos la mercanc\u00eda en nuestro almac\u00e9n y comprobemos que se dan todas las condiciones anteriores,  se admitir\u00e1 la devoluci\u00f3n del producto y se proceder\u00e1 al&nbsp;reintegro de su importe&nbsp;conforme a la modalidad de pago realizada.<\/p><p>Si efectuaste el pago a trav\u00e9s de tarjeta de cr\u00e9dito, se te abonar\u00e1 el importe en la misma tarjeta de cr\u00e9dito utilizada.<\/p><p>Si efectuaste el pago mediante transferencia, te solicitaremos un n\u00famero de cuenta donde abonar el importe.<\/p><p>Recibir\u00e1s el reintegro del importe en un plazo m\u00e1ximo de 15 d\u00edas a partir de la recepci\u00f3n en nuestro almac\u00e9n del producto de cambio o devoluci\u00f3n.<\/p><p>Ten en cuenta que si pagaste por tarjeta de cr\u00e9dito es probable que tu banco no te muestre el importe de la devoluci\u00f3n en tu saldo hasta el mes siguiente.<\/p><p>Ten en cuenta que no admitimos env\u00edos contra reembolso, antes de cualquier cambio ponte en contacto con nosotros.<\/p><p><\/p>","protected":false},"excerpt":{"rendered":"<p>Pol\u00edtica de devoluciones y reembolsos Si por cualquier motivo no quedas satisfecho con tu pedido, tienes un plazo de&nbsp;14 d\u00edas h\u00e1biles, a contar desde la fecha de entrega del pedido, para devolverlo. Podr\u00e1s devolver o cambiar un producto (siempre que no haya sido usado). Solo tienes que comunicarte con nuestro departamento de atenci\u00f3n al cliente&nbsp;en [&hellip;]<\/p>\n","protected":false},"author":2,"featured_media":0,"parent":0,"menu_order":0,"comment_status":"closed","ping_status":"closed","template":"","meta":{"ocean_post_layout":"","ocean_both_sidebars_style":"","ocean_both_sidebars_content_width":0,"ocean_both_sidebars_sidebars_width":0,"ocean_sidebar":"0","ocean_second_sidebar":"0","ocean_disable_margins":"enable","ocean_add_body_class":"","ocean_shortcode_before_top_bar":"","ocean_shortcode_after_top_bar":"","ocean_shortcode_before_header":"","ocean_shortcode_after_header":"","ocean_has_shortcode":"","ocean_shortcode_after_title":"","ocean_shortcode_before_footer_widgets":"","ocean_shortcode_after_footer_widgets":"","ocean_shortcode_before_footer_bottom":"","ocean_shortcode_after_footer_bottom":"","ocean_display_top_bar":"default","ocean_display_header":"default","ocean_header_style":"","ocean_center_header_left_menu":"0","ocean_custom_header_template":"0","ocean_custom_logo":0,"ocean_custom_retina_logo":0,"ocean_custom_logo_max_width":0,"ocean_custom_logo_tablet_max_width":0,"ocean_custom_logo_mobile_max_width":0,"ocean_custom_logo_max_height":0,"ocean_custom_logo_tablet_max_height":0,"ocean_custom_logo_mobile_max_height":0,"ocean_header_custom_menu":"0","ocean_menu_typo_font_family":"0","ocean_menu_typo_font_subset":"","ocean_menu_typo_font_size":0,"ocean_menu_typo_font_size_tablet":0,"ocean_menu_typo_font_size_mobile":0,"ocean_menu_typo_font_size_unit":"px","ocean_menu_typo_font_weight":"","ocean_menu_typo_font_weight_tablet":"","ocean_menu_typo_font_weight_mobile":"","ocean_menu_typo_transform":"","ocean_menu_typo_transform_tablet":"","ocean_menu_typo_transform_mobile":"","ocean_menu_typo_line_height":0,"ocean_menu_typo_line_height_tablet":0,"ocean_menu_typo_line_height_mobile":0,"ocean_menu_typo_line_height_unit":"","ocean_menu_typo_spacing":0,"ocean_menu_typo_spacing_tablet":0,"ocean_menu_typo_spacing_mobile":0,"ocean_menu_typo_spacing_unit":"","ocean_menu_link_color":"","ocean_menu_link_color_hover":"","ocean_menu_link_color_active":"","ocean_menu_link_background":"","ocean_menu_link_hover_background":"","ocean_menu_link_active_background":"","ocean_menu_social_links_bg":"","ocean_menu_social_hover_links_bg":"","ocean_menu_social_links_color":"","ocean_menu_social_hover_links_color":"","ocean_disable_title":"on","ocean_disable_heading":"default","ocean_post_title":"","ocean_post_subheading":"","ocean_post_title_style":"","ocean_post_title_background_color":"","ocean_post_title_background":0,"ocean_post_title_bg_image_position":"","ocean_post_title_bg_image_attachment":"","ocean_post_title_bg_image_repeat":"","ocean_post_title_bg_image_size":"","ocean_post_title_height":0,"ocean_post_title_bg_overlay":0.5,"ocean_post_title_bg_overlay_color":"","ocean_disable_breadcrumbs":"default","ocean_breadcrumbs_color":"","ocean_breadcrumbs_separator_color":"","ocean_breadcrumbs_links_color":"","ocean_breadcrumbs_links_hover_color":"","ocean_display_footer_widgets":"default","ocean_display_footer_bottom":"default","ocean_custom_footer_template":"0","footnotes":""},"class_list":["post-21","page","type-page","status-publish","hentry","entry","owp-thumbs-layout-vertical","owp-btn-normal","owp-tabs-layout-vertical","has-no-thumbnails","has-product-nav"],"_links":{"self":[{"href":"https:\/\/dimasnatural.com\/index.php\/wp-json\/wp\/v2\/pages\/21","targetHints":{"allow":["GET"]}}],"collection":[{"href":"https:\/\/dimasnatural.com\/index.php\/wp-json\/wp\/v2\/pages"}],"about":[{"href":"https:\/\/dimasnatural.com\/index.php\/wp-json\/wp\/v2\/types\/page"}],"author":[{"embeddable":true,"href":"https:\/\/dimasnatural.com\/index.php\/wp-json\/wp\/v2\/users\/2"}],"replies":[{"embeddable":true,"href":"https:\/\/dimasnatural.com\/index.php\/wp-json\/wp\/v2\/comments?post=21"}],"version-history":[{"count":3,"href":"https:\/\/dimasnatural.com\/index.php\/wp-json\/wp\/v2\/pages\/21\/revisions"}],"predecessor-version":[{"id":1603,"href":"https:\/\/dimasnatural.com\/index.php\/wp-json\/wp\/v2\/pages\/21\/revisions\/1603"}],"wp:attachment":[{"href":"https:\/\/dimasnatural.com\/index.php\/wp-json\/wp\/v2\/media?parent=21"}],"curies":[{"name":"wp","href":"https:\/\/api.w.org\/{rel}","templated":true}]}}