{"id":3,"date":"2023-05-18T18:06:43","date_gmt":"2023-05-18T18:06:43","guid":{"rendered":"http:\/\/dimasnatural.com\/?page_id=3"},"modified":"2024-06-13T15:28:33","modified_gmt":"2024-06-13T15:28:33","slug":"politica-de-privacidad","status":"publish","type":"page","link":"https:\/\/dimasnatural.com\/index.php\/politica-de-privacidad\/","title":{"rendered":"Pol\u00edtica de Privacidad"},"content":{"rendered":"\t\t<div data-elementor-type=\"wp-page\" data-elementor-id=\"3\" class=\"elementor elementor-3\">\n\t\t\t\t<section class=\"elementor-section elementor-top-section elementor-element elementor-element-ae9bf3f elementor-section-boxed elementor-section-height-default elementor-section-height-default\" data-id=\"ae9bf3f\" data-element_type=\"section\">\n\t\t\t\t\t\t<div class=\"elementor-container elementor-column-gap-default\">\n\t\t\t\t\t<div class=\"elementor-column elementor-col-100 elementor-top-column elementor-element elementor-element-366a11d2\" data-id=\"366a11d2\" data-element_type=\"column\">\n\t\t\t<div class=\"elementor-widget-wrap elementor-element-populated\">\n\t\t\t\t\t\t<div class=\"elementor-element elementor-element-6a8cda8c elementor-widget elementor-widget-text-editor\" data-id=\"6a8cda8c\" data-element_type=\"widget\" data-widget_type=\"text-editor.default\">\n\t\t\t\t<div class=\"elementor-widget-container\">\n\t\t\t\t\t\t\t\t\t<p><\/p>\n<p>Mediante la presente Pol\u00edtica de Privacidad, le informamos sobre la recopilaci\u00f3n, tratamiento y uso de sus datos personales recabados por Dimas Natural. mediante la utilizaci\u00f3n de la presente p\u00e1gina web.<\/p>\n<h2 class=\"subtitle wp-block-heading\">\u00bfQui\u00e9n es el responsable del tratamiento de sus datos?<\/h2>\n<address>Gustavo Padilla Rolon. con DNI 77959207V&nbsp;<br>Calle Virgo N\u00ba7- 03580 Alfaz del Pi<br>Correo electr\u00f3nico:&nbsp;<a href=\"mailto:info@naturitas.es\" target=\"_blank\" rel=\"noopener\">d<\/a>imasnatural@gmail.com<\/address>\n<h2 class=\"subtitle\">\u00bfCon qu\u00e9 finalidades trataremos sus datos y cu\u00e1l es la legitimaci\u00f3n para tratarlos?<\/h2>\n<p>En Dimas Natural. (en adelante, \u201c<strong>Dimas Natural<\/strong>\u201d) tratamos los datos personales que nos facilite, as\u00ed como todos aquellos que sean recabados a trav\u00e9s de la p\u00e1gina y los que deriven de su relaci\u00f3n con nosotros con las&nbsp;<strong>finalidades principales:<\/strong><\/p>\n<ul>\n<li><strong>Creaci\u00f3n de perfil de usuario:<\/strong>&nbsp;Sus datos personales ser\u00e1n tratados con la finalidad de crearle un perfil de cuenta de usuario lo que le permitir\u00e1 efectuar la compra de productos, acceder a todos sus pedidos y gestionarlos, mostrar su opini\u00f3n respecto de los productos comprados y art\u00edculos compartidos en el blog y gestionar sus datos personales. La base legal para el tratamiento de sus datos personales ser\u00e1 la ejecuci\u00f3n de la relaci\u00f3n contractual seg\u00fan lo previsto en los&nbsp;<a href=\"https:\/\/www.naturitas.es\/terminos-condiciones\">T\u00e9rminos y Condiciones<\/a>&nbsp;&nbsp;que acepta en el momento de crearse un perfil para la utilizaci\u00f3n de nuestra p\u00e1gina web.<\/li>\n<\/ul>\n<ul>\n<li><strong>Procedimiento de compra de productos:<\/strong>&nbsp;Sus datos personales ser\u00e1n tratados con la finalidad de gestionar debidamente el procedimiento de compra de los productos seleccionados, as\u00ed como cualquier cuesti\u00f3n relacionada con este como podr\u00eda ser la devoluci\u00f3n de productos o las incidencias a lo largo del procedimiento. La base legal para el tratamiento de sus datos personales ser\u00e1 la ejecuci\u00f3n de la relaci\u00f3n contractual seg\u00fan lo previsto en los&nbsp;<a href=\"https:\/\/www.naturitas.es\/terminos-condiciones\">T\u00e9rminos y Condiciones<\/a>&nbsp;que acepta en el momento de la compra de los productos.<\/li>\n<\/ul>\n<ul>\n<li><strong>Formulario comentario blog<\/strong>: Gestionar la correcta publicaci\u00f3n de su comentario en nuestro blog. La base legal para el tratamiento de sus datos personales ser\u00e1 el&nbsp;<strong>consentimiento<\/strong>&nbsp;prestado por su parte en el momento de enviarnos su comentario para participar en el blog.<\/li>\n<\/ul>\n<ul>\n<li><strong>Formulario de contacto<\/strong>: Gestionar y responder a las dudas y\/o consultas que nos planteen. Para ello, nos podremos poner en contacto con usted tanto por v\u00eda electr\u00f3nica tanto telef\u00f3nica. La base legal para el tratamiento de sus datos personales ser\u00e1 el&nbsp;<strong>consentimiento<\/strong>&nbsp;prestado por su parte en el momento de enviarnos su petici\u00f3n de contacto.<\/li>\n<\/ul>\n<p>Por otro lado y, \u00fanicamente en el caso que as\u00ed lo haya consentido, sus datos personales ser\u00e1n tratados con la finalidad de&nbsp;<strong>enviarle comunicaciones comerciales sobre nuestros productos, servicios, ofertas y consejos (newsletter)<\/strong>. En este sentido, sus datos personales ser\u00e1n tratados con la finalidad de sugerirle productos u ofertas en funci\u00f3n de su historial de compras o incluso informarle sobre los productos que ha dejado en su carrito cuando no finalizan el proceso de compra. Informarle que el tratamiento de sus datos con esta finalidad est\u00e1 legitimado por el consentimiento expreso prestado por su parte. Por ello, le recordamos que en cualquier momento puede revocar el mismo a trav\u00e9s del link adaptado a tal efecto en la comunicaci\u00f3n o bien, enviando un correo electr\u00f3nico a&nbsp;<a href=\"mailto:dpo@naturitas.es\">dpo@naturitas.es<\/a>.<\/p>\n<h2 class=\"subtitle\">\u00bfQu\u00e9 datos tratamos?<\/h2>\n<p>En el marco de las funcionalidades ofrecidas a trav\u00e9s de esta p\u00e1gina web, y condicionado a las finalidades previamente indicadas, en DIMAS NATURAL tratamos datos identificativos y de contacto como son nombre y apellidos, correo electr\u00f3nico, tel\u00e9fono, as\u00ed como datos de direcci\u00f3n de env\u00edo y bancarios en el caso que proceda a la compra de art\u00edculos a trav\u00e9s de nuestra p\u00e1gina web.<\/p>\n<h2 class=\"subtitle\">\u00bfA qu\u00e9 destinatarios se comunicar\u00e1n los datos?<\/h2>\n<p>DIMAS NATURAL no comunicar\u00e1 sus datos personales a terceros salvo en cumplimiento de obligaciones legales, as\u00ed como a terceros que forman parte a empresas de transporte para dar cumplimiento a la efectiva entrega de productos comprados a trav\u00e9s de la p\u00e1gina web.&nbsp;<\/p>\n<p>Asimismo, informarle que para poder prestarle nuestros servicios ofrecidos a trav\u00e9s de la presente p\u00e1gina web, as\u00ed como determinados servicios publicitarios y atenci\u00f3n al cliente, requerimos de la asistencia de determinados proveedores de servicios que pueden tener acceso a sus datos personales, como, por ejemplo, Facebook o Google. En su caso, estos terceros siempre actuar\u00e1n en nombre y por cuenta de DIMAS NATURAL, es decir, actuar\u00e1n siguiendo nuestras instrucciones y conforme al correspondiente contrato de encargo de tratamiento que tenemos suscrito con ellos. En ning\u00fan caso dispondr\u00e1n de sus datos para finalidades propias.<\/p>\n<h2 class=\"subtitle\">\u00bfPor cu\u00e1nto tiempo conservaremos sus datos?<\/h2>\n<p>DIMAS NATURAL conservar\u00e1 sus datos personales durante el tiempo necesario para cumplir la finalidad para la cual se recogieron. En consecuencia, si es necesario, los datos se bloquear\u00e1n hasta que finalice el plazo legalmente establecido. En el caso de que sus datos personales se utilicen para varias finalidades que nos obligaran a conservarlos durante plazos diferentes, aplicaremos el plazo de conservaci\u00f3n m\u00e1s largo.<\/p>\n<p>Asimismo, todos aquellos datos personales que nos haya proporcionado en base a su propio consentimiento, los mismos ser\u00e1n tratados hasta que usted no solicite la supresi\u00f3n de los mismos.<\/p>\n<h2 class=\"subtitle\">\u00bfCu\u00e1les son sus derechos como titular de los datos?<\/h2>\n<p><strong>Acceso:&nbsp;<\/strong>Podr\u00e1 obtener confirmaci\u00f3n sobre si se tratan sus datos personales, as\u00ed como consultar sus datos personales concretos objeto de tratamiento.<\/p>\n<p><strong>Rectificaci\u00f3n:&nbsp;<\/strong>Podr\u00e1 modificar sus datos personales cuando sean inexactos, as\u00ed como completar aquellos que sean incompletos.<\/p>\n<p><strong>Supresi\u00f3n:&nbsp;<\/strong>Podr\u00e1 solicitar la eliminaci\u00f3n sus datos personales cuando, entre otros motivos, los datos ya no sean necesarios para los fines que fueron recogidos.<\/p>\n<p><strong>Oposici\u00f3n:&nbsp;<\/strong>Podr\u00e1 solicitar que no se traten sus datos personales, salvo que no sea posible por motivos leg\u00edtimos imperiosos o el ejercicio o la defensa de posibles reclamaciones.<\/p>\n<p><strong>Limitaci\u00f3n del tratamiento:&nbsp;<\/strong>Podr\u00e1 solicitar la limitaci\u00f3n al tratamiento de tus datos en los siguientes supuestos:<\/p>\n<ul>\n<li>Mientras se compruebe la impugnaci\u00f3n de la exactitud de tus datos;<\/li>\n<li>Cuando el tratamiento es il\u00edcito, se opongas a la supresi\u00f3n de sus datos, y solicite la limitaci\u00f3n de su uso;<\/li>\n<li>Cuando no se necesite tratar sus datos, pero los necesite para el ejercicio o defensa de reclamaciones;<\/li>\n<li>Cuando se haya opuesto al tratamiento de sus datos para el cumplimiento de una misi\u00f3n de inter\u00e9s p\u00fablico o para la satisfacci\u00f3n de un inter\u00e9s leg\u00edtimo, mientras se verifica si los motivos leg\u00edtimos para el tratamiento prevalecen sobre los suyos.<\/li>\n<\/ul>\n<p><strong>Portabilidad:&nbsp;<\/strong>Podr\u00e1 recibir, en formato electr\u00f3nico, los datos personales que nos haya facilitado y aquellos que se han obtenido a trav\u00e9s de la p\u00e1gina web, as\u00ed como a transmitirlos a otra entidad.<\/p>\n<p><strong>Canales de ejercicio:&nbsp;<\/strong>Podr\u00e1 ejercer dichos derechos mediante solicitud escrita dirigida a DIMAS NATURAL., Cap Negret 101a, 03590 Altea, Alicante o enviando un email a dimasnatural@gmail.com, en ambos casos con la referencia \u201cprotecci\u00f3n de Datos\u201d.&nbsp; Para el ejercicio de sus derechos deber\u00e1 adjuntar una copia de su DNI u otro documento que acredite su identidad e indicar el derecho que desea ejercer.<\/p>\n<p>Si consideras que no se han tratado tus datos personales de conformidad con la normativa aplicable podr\u00e1 presentar una reclamaci\u00f3n frente a la Agencia Espa\u00f1ola de Protecci\u00f3n de Datos a trav\u00e9s de su p\u00e1gina web&nbsp;<a href=\"http:\/\/www.aepd.es\/\" target=\"_blank\" rel=\"noopener\">www.aepd.es<\/a><\/p>\n<p>El ejercicio de estos derechos es gratuito.<\/p>\n<p><\/p>\t\t\t\t\t\t\t\t<\/div>\n\t\t\t\t<\/div>\n\t\t\t\t\t<\/div>\n\t\t<\/div>\n\t\t\t\t\t<\/div>\n\t\t<\/section>\t\t<\/div>\n\t\t","protected":false},"excerpt":{"rendered":"<p>Mediante la presente Pol\u00edtica de Privacidad, le informamos sobre la recopilaci\u00f3n, tratamiento y uso de sus datos personales recabados por Dimas Natural. mediante la utilizaci\u00f3n de la presente p\u00e1gina web. \u00bfQui\u00e9n es el responsable del tratamiento de sus datos? Gustavo Padilla Rolon. con DNI 77959207V&nbsp;Calle Virgo N\u00ba7- 03580 Alfaz del PiCorreo electr\u00f3nico:&nbsp;dimasnatural@gmail.com \u00bfCon qu\u00e9 finalidades [&hellip;]<\/p>\n","protected":false},"author":2,"featured_media":0,"parent":0,"menu_order":0,"comment_status":"closed","ping_status":"open","template":"","meta":{"ocean_post_layout":"","ocean_both_sidebars_style":"","ocean_both_sidebars_content_width":0,"ocean_both_sidebars_sidebars_width":0,"ocean_sidebar":"0","ocean_second_sidebar":"0","ocean_disable_margins":"enable","ocean_add_body_class":"","ocean_shortcode_before_top_bar":"","ocean_shortcode_after_top_bar":"","ocean_shortcode_before_header":"","ocean_shortcode_after_header":"","ocean_has_shortcode":"","ocean_shortcode_after_title":"","ocean_shortcode_before_footer_widgets":"","ocean_shortcode_after_footer_widgets":"","ocean_shortcode_before_footer_bottom":"","ocean_shortcode_after_footer_bottom":"","ocean_display_top_bar":"default","ocean_display_header":"default","ocean_header_style":"","ocean_center_header_left_menu":"0","ocean_custom_header_template":"0","ocean_custom_logo":0,"ocean_custom_retina_logo":0,"ocean_custom_logo_max_width":0,"ocean_custom_logo_tablet_max_width":0,"ocean_custom_logo_mobile_max_width":0,"ocean_custom_logo_max_height":0,"ocean_custom_logo_tablet_max_height":0,"ocean_custom_logo_mobile_max_height":0,"ocean_header_custom_menu":"0","ocean_menu_typo_font_family":"0","ocean_menu_typo_font_subset":"","ocean_menu_typo_font_size":0,"ocean_menu_typo_font_size_tablet":0,"ocean_menu_typo_font_size_mobile":0,"ocean_menu_typo_font_size_unit":"px","ocean_menu_typo_font_weight":"","ocean_menu_typo_font_weight_tablet":"","ocean_menu_typo_font_weight_mobile":"","ocean_menu_typo_transform":"","ocean_menu_typo_transform_tablet":"","ocean_menu_typo_transform_mobile":"","ocean_menu_typo_line_height":0,"ocean_menu_typo_line_height_tablet":0,"ocean_menu_typo_line_height_mobile":0,"ocean_menu_typo_line_height_unit":"","ocean_menu_typo_spacing":0,"ocean_menu_typo_spacing_tablet":0,"ocean_menu_typo_spacing_mobile":0,"ocean_menu_typo_spacing_unit":"","ocean_menu_link_color":"","ocean_menu_link_color_hover":"","ocean_menu_link_color_active":"","ocean_menu_link_background":"","ocean_menu_link_hover_background":"","ocean_menu_link_active_background":"","ocean_menu_social_links_bg":"","ocean_menu_social_hover_links_bg":"","ocean_menu_social_links_color":"","ocean_menu_social_hover_links_color":"","ocean_disable_title":"on","ocean_disable_heading":"default","ocean_post_title":"","ocean_post_subheading":"","ocean_post_title_style":"","ocean_post_title_background_color":"","ocean_post_title_background":0,"ocean_post_title_bg_image_position":"","ocean_post_title_bg_image_attachment":"","ocean_post_title_bg_image_repeat":"","ocean_post_title_bg_image_size":"","ocean_post_title_height":0,"ocean_post_title_bg_overlay":0.5,"ocean_post_title_bg_overlay_color":"","ocean_disable_breadcrumbs":"default","ocean_breadcrumbs_color":"","ocean_breadcrumbs_separator_color":"","ocean_breadcrumbs_links_color":"","ocean_breadcrumbs_links_hover_color":"","ocean_display_footer_widgets":"default","ocean_display_footer_bottom":"default","ocean_custom_footer_template":"0","footnotes":""},"class_list":["post-3","page","type-page","status-publish","hentry","entry","owp-thumbs-layout-vertical","owp-btn-normal","owp-tabs-layout-vertical","has-no-thumbnails","has-product-nav"],"_links":{"self":[{"href":"https:\/\/dimasnatural.com\/index.php\/wp-json\/wp\/v2\/pages\/3","targetHints":{"allow":["GET"]}}],"collection":[{"href":"https:\/\/dimasnatural.com\/index.php\/wp-json\/wp\/v2\/pages"}],"about":[{"href":"https:\/\/dimasnatural.com\/index.php\/wp-json\/wp\/v2\/types\/page"}],"author":[{"embeddable":true,"href":"https:\/\/dimasnatural.com\/index.php\/wp-json\/wp\/v2\/users\/2"}],"replies":[{"embeddable":true,"href":"https:\/\/dimasnatural.com\/index.php\/wp-json\/wp\/v2\/comments?post=3"}],"version-history":[{"count":7,"href":"https:\/\/dimasnatural.com\/index.php\/wp-json\/wp\/v2\/pages\/3\/revisions"}],"predecessor-version":[{"id":1602,"href":"https:\/\/dimasnatural.com\/index.php\/wp-json\/wp\/v2\/pages\/3\/revisions\/1602"}],"wp:attachment":[{"href":"https:\/\/dimasnatural.com\/index.php\/wp-json\/wp\/v2\/media?parent=3"}],"curies":[{"name":"wp","href":"https:\/\/api.w.org\/{rel}","templated":true}]}}