{"id":1536,"date":"2024-05-18T20:22:39","date_gmt":"2024-05-18T20:22:39","guid":{"rendered":"https:\/\/dimasnatural.com\/?post_type=product&#038;p=1536"},"modified":"2025-11-21T23:16:19","modified_gmt":"2025-11-21T22:16:19","slug":"collar-moonshine","status":"publish","type":"product","link":"https:\/\/dimasnatural.com\/index.php\/producto\/collar-moonshine\/","title":{"rendered":"Collar Cuero Unisex L\u00f9nula"},"content":{"rendered":"<p>Collar de cuero artesanal, realizada con un cord\u00f3n cuero de curtido vegetal de 2 mm aprox, de espesor, lleva una pieza decorativa con forma de Luna invertida o L\u00fanula, de un tama\u00f1o aproximado de 3 cm , este es un modelo cl\u00e1sico, que se ajusta a la medida deseada con dos nudos corredizos muy f\u00e1cilmente, todos los metales que utilizamos son de zamak ba\u00f1ados con 10 micras de plata, para evitar alergias a ciertos metales y aumentar la durabilidad y calidad del producto.<\/p>\n<p>&nbsp;<\/p>\n","protected":false},"excerpt":{"rendered":"<div id=\"yV5KZok81KKR1Q_k0JLQDg__16\">\n<div class=\"wDYxhc\" data-md=\"61\">\n<div class=\"LGOjhe\" role=\"heading\" data-attrid=\"wa:\/description\" aria-level=\"3\" data-hveid=\"CBQQAA\"><span class=\"BxUVEf ILfuVd\" lang=\"es\"><span class=\"hgKElc\">La luna invertida es un s\u00edmbolo que aparece en muchos textos antiguos de muchas religiones y culturas diferentes. En la antigua Roma, muchas ni\u00f1as llevaban un colgante en forma de luna creciente invertida llamado \u201cl\u00fanula\u201d o \u201clunula\u201d, para\u00a0<b>protegerse de las malas energ\u00edas, el mal de ojo o las malas influencias<\/b>.<\/span><\/span><\/div>\n<\/div>\n<\/div>\n<div id=\"yV5KZok81KKR1Q_k0JLQDg__17\">\n<div class=\"g\">\n<div lang=\"es\" data-hveid=\"CA8QAA\" data-ved=\"2ahUKEwjJxLrmxJqGAxVUUaQEHWSoBOoQFSgAegQIDxAA\">\n<div class=\"tF2Cxc\">\n<div class=\"yuRUbf\">\n<div><a href=\"https:\/\/www.sesnines.es\/collares-plata\/collar-luna-invertida-plata-lotus-silver-lp1795-1-2#:~:text=La%20luna%20invertida%20es%20un,ojo%20o%20las%20malas%20influencias.\" data-ved=\"2ahUKEwjJxLrmxJqGAxVUUaQEHWSoBOoQFnoECA8QAw\"><br \/>\n<\/a><\/p>\n<div class=\"notranslate HGLrXd NJjxre iUh30 ojE3Fb\">\n<div class=\"q0vns\">\n<div class=\"CA5RN\">\n<div><\/div>\n<\/div>\n<\/div>\n<\/div>\n<\/div>\n<\/div>\n<\/div>\n<\/div>\n<\/div>\n<\/div>\n","protected":false},"featured_media":1508,"comment_status":"open","ping_status":"closed","template":"","meta":{"ocean_post_layout":"","ocean_both_sidebars_style":"","ocean_both_sidebars_content_width":0,"ocean_both_sidebars_sidebars_width":0,"ocean_sidebar":"0","ocean_second_sidebar":"0","ocean_disable_margins":"enable","ocean_add_body_class":"","ocean_shortcode_before_top_bar":"","ocean_shortcode_after_top_bar":"","ocean_shortcode_before_header":"","ocean_shortcode_after_header":"","ocean_has_shortcode":"","ocean_shortcode_after_title":"","ocean_shortcode_before_footer_widgets":"","ocean_shortcode_after_footer_widgets":"","ocean_shortcode_before_footer_bottom":"","ocean_shortcode_after_footer_bottom":"","ocean_display_top_bar":"default","ocean_display_header":"default","ocean_header_style":"","ocean_center_header_left_menu":"0","ocean_custom_header_template":"0","ocean_custom_logo":0,"ocean_custom_retina_logo":0,"ocean_custom_logo_max_width":0,"ocean_custom_logo_tablet_max_width":0,"ocean_custom_logo_mobile_max_width":0,"ocean_custom_logo_max_height":0,"ocean_custom_logo_tablet_max_height":0,"ocean_custom_logo_mobile_max_height":0,"ocean_header_custom_menu":"0","ocean_menu_typo_font_family":"0","ocean_menu_typo_font_subset":"","ocean_menu_typo_font_size":0,"ocean_menu_typo_font_size_tablet":0,"ocean_menu_typo_font_size_mobile":0,"ocean_menu_typo_font_size_unit":"px","ocean_menu_typo_font_weight":"","ocean_menu_typo_font_weight_tablet":"","ocean_menu_typo_font_weight_mobile":"","ocean_menu_typo_transform":"","ocean_menu_typo_transform_tablet":"","ocean_menu_typo_transform_mobile":"","ocean_menu_typo_line_height":0,"ocean_menu_typo_line_height_tablet":0,"ocean_menu_typo_line_height_mobile":0,"ocean_menu_typo_line_height_unit":"","ocean_menu_typo_spacing":0,"ocean_menu_typo_spacing_tablet":0,"ocean_menu_typo_spacing_mobile":0,"ocean_menu_typo_spacing_unit":"","ocean_menu_link_color":"","ocean_menu_link_color_hover":"","ocean_menu_link_color_active":"","ocean_menu_link_background":"","ocean_menu_link_hover_background":"","ocean_menu_link_active_background":"","ocean_menu_social_links_bg":"","ocean_menu_social_hover_links_bg":"","ocean_menu_social_links_color":"","ocean_menu_social_hover_links_color":"","ocean_disable_title":"default","ocean_disable_heading":"default","ocean_post_title":"","ocean_post_subheading":"","ocean_post_title_style":"","ocean_post_title_background_color":"","ocean_post_title_background":0,"ocean_post_title_bg_image_position":"","ocean_post_title_bg_image_attachment":"","ocean_post_title_bg_image_repeat":"","ocean_post_title_bg_image_size":"","ocean_post_title_height":0,"ocean_post_title_bg_overlay":0.5,"ocean_post_title_bg_overlay_color":"","ocean_disable_breadcrumbs":"default","ocean_breadcrumbs_color":"","ocean_breadcrumbs_separator_color":"","ocean_breadcrumbs_links_color":"","ocean_breadcrumbs_links_hover_color":"","ocean_display_footer_widgets":"default","ocean_display_footer_bottom":"default","ocean_custom_footer_template":"0"},"product_cat":[85,86],"product_tag":[29,23,57,54,114,93],"class_list":{"0":"post-1536","1":"product","2":"type-product","3":"status-publish","4":"has-post-thumbnail","6":"product_cat-collares-mujer","7":"product_cat-collares-hombre","8":"product_tag-artesania-cuero","9":"product_tag-bisuteria-cuero","10":"product_tag-collar-ajustable-cuero","11":"product_tag-collar-cuero","12":"product_tag-hecho-a-mano","13":"product_tag-joyeria-artesanal","15":"entry","16":"has-media","18":"first","19":"instock","20":"taxable","21":"shipping-taxable","22":"purchasable","23":"product-type-simple","24":"has-product-nav","25":"col","26":"span_1_of_4","27":"owp-content-center","28":"owp-thumbs-layout-vertical","29":"owp-btn-normal","30":"owp-tabs-layout-vertical","31":"has-no-thumbnails"},"_links":{"self":[{"href":"https:\/\/dimasnatural.com\/index.php\/wp-json\/wp\/v2\/product\/1536","targetHints":{"allow":["GET"]}}],"collection":[{"href":"https:\/\/dimasnatural.com\/index.php\/wp-json\/wp\/v2\/product"}],"about":[{"href":"https:\/\/dimasnatural.com\/index.php\/wp-json\/wp\/v2\/types\/product"}],"replies":[{"embeddable":true,"href":"https:\/\/dimasnatural.com\/index.php\/wp-json\/wp\/v2\/comments?post=1536"}],"wp:featuredmedia":[{"embeddable":true,"href":"https:\/\/dimasnatural.com\/index.php\/wp-json\/wp\/v2\/media\/1508"}],"wp:attachment":[{"href":"https:\/\/dimasnatural.com\/index.php\/wp-json\/wp\/v2\/media?parent=1536"}],"wp:term":[{"taxonomy":"product_cat","embeddable":true,"href":"https:\/\/dimasnatural.com\/index.php\/wp-json\/wp\/v2\/product_cat?post=1536"},{"taxonomy":"product_tag","embeddable":true,"href":"https:\/\/dimasnatural.com\/index.php\/wp-json\/wp\/v2\/product_tag?post=1536"}],"curies":[{"name":"wp","href":"https:\/\/api.w.org\/{rel}","templated":true}]}}