{"id":2349,"date":"2025-12-07T22:25:43","date_gmt":"2025-12-07T21:25:43","guid":{"rendered":"https:\/\/dimasnatural.com\/?post_type=product&#038;p=2349"},"modified":"2025-12-07T22:54:24","modified_gmt":"2025-12-07T21:54:24","slug":"pulsera-plaquita","status":"publish","type":"product","link":"https:\/\/dimasnatural.com\/index.php\/producto\/pulsera-plaquita\/","title":{"rendered":"Pulsera Plaquita"},"content":{"rendered":"<p>Pulsera de cuero artesanal, realizada con cuero de curtido vegetal, realizada\u00a0 en todo su longitud con cuero de 1 mm de espesor, lleva pasada por la tira piezas planas met\u00e1licas de dise\u00f1o decorativas, su cierre lleva una pieza plana que le permite ajustarse a la medida con un nudo de tope final, todos los metales que utilizamos son de zamak ba\u00f1ados con 10 micras de plata, para evitar alergias a ciertos metales y aumentar la durabilidad y calidad del producto.<\/p>\n","protected":false},"excerpt":{"rendered":"<p>Este es un dise\u00f1o Unisex que lo tiene todo, sus piezas de dise\u00f1o la hacen una pulsera elegante y discreta, pero que no pasara desapercibida, es ideal para llevarla sola o acompa\u00f1ada con otras pulseras, un modelo que no debe faltar en tu colecci\u00f3n.<\/p>\n","protected":false},"featured_media":2328,"comment_status":"open","ping_status":"closed","template":"","meta":{"ocean_post_layout":"","ocean_both_sidebars_style":"","ocean_both_sidebars_content_width":0,"ocean_both_sidebars_sidebars_width":0,"ocean_sidebar":"0","ocean_second_sidebar":"0","ocean_disable_margins":"enable","ocean_add_body_class":"","ocean_shortcode_before_top_bar":"","ocean_shortcode_after_top_bar":"","ocean_shortcode_before_header":"","ocean_shortcode_after_header":"","ocean_has_shortcode":"","ocean_shortcode_after_title":"","ocean_shortcode_before_footer_widgets":"","ocean_shortcode_after_footer_widgets":"","ocean_shortcode_before_footer_bottom":"","ocean_shortcode_after_footer_bottom":"","ocean_display_top_bar":"default","ocean_display_header":"default","ocean_header_style":"","ocean_center_header_left_menu":"0","ocean_custom_header_template":"0","ocean_custom_logo":0,"ocean_custom_retina_logo":0,"ocean_custom_logo_max_width":0,"ocean_custom_logo_tablet_max_width":0,"ocean_custom_logo_mobile_max_width":0,"ocean_custom_logo_max_height":0,"ocean_custom_logo_tablet_max_height":0,"ocean_custom_logo_mobile_max_height":0,"ocean_header_custom_menu":"0","ocean_menu_typo_font_family":"0","ocean_menu_typo_font_subset":"","ocean_menu_typo_font_size":0,"ocean_menu_typo_font_size_tablet":0,"ocean_menu_typo_font_size_mobile":0,"ocean_menu_typo_font_size_unit":"px","ocean_menu_typo_font_weight":"","ocean_menu_typo_font_weight_tablet":"","ocean_menu_typo_font_weight_mobile":"","ocean_menu_typo_transform":"","ocean_menu_typo_transform_tablet":"","ocean_menu_typo_transform_mobile":"","ocean_menu_typo_line_height":0,"ocean_menu_typo_line_height_tablet":0,"ocean_menu_typo_line_height_mobile":0,"ocean_menu_typo_line_height_unit":"","ocean_menu_typo_spacing":0,"ocean_menu_typo_spacing_tablet":0,"ocean_menu_typo_spacing_mobile":0,"ocean_menu_typo_spacing_unit":"","ocean_menu_link_color":"","ocean_menu_link_color_hover":"","ocean_menu_link_color_active":"","ocean_menu_link_background":"","ocean_menu_link_hover_background":"","ocean_menu_link_active_background":"","ocean_menu_social_links_bg":"","ocean_menu_social_hover_links_bg":"","ocean_menu_social_links_color":"","ocean_menu_social_hover_links_color":"","ocean_disable_title":"default","ocean_disable_heading":"default","ocean_post_title":"","ocean_post_subheading":"","ocean_post_title_style":"","ocean_post_title_background_color":"","ocean_post_title_background":0,"ocean_post_title_bg_image_position":"","ocean_post_title_bg_image_attachment":"","ocean_post_title_bg_image_repeat":"","ocean_post_title_bg_image_size":"","ocean_post_title_height":0,"ocean_post_title_bg_overlay":0.5,"ocean_post_title_bg_overlay_color":"","ocean_disable_breadcrumbs":"default","ocean_breadcrumbs_color":"","ocean_breadcrumbs_separator_color":"","ocean_breadcrumbs_links_color":"","ocean_breadcrumbs_links_hover_color":"","ocean_display_footer_widgets":"default","ocean_display_footer_bottom":"default","ocean_custom_footer_template":"0"},"product_cat":[31,21],"product_tag":[23,212,208,216],"class_list":{"0":"post-2349","1":"product","2":"type-product","3":"status-publish","4":"has-post-thumbnail","6":"product_cat-pulseras-mujer","7":"product_cat-pulseras-hombre","8":"product_tag-bisuteria-cuero","9":"product_tag-pulsera-hecha-a-mano","10":"product_tag-pulsera-unisex-cuero","11":"product_tag-pulsera-unisex-plata","13":"entry","14":"has-media","16":"first","17":"instock","18":"taxable","19":"shipping-taxable","20":"purchasable","21":"product-type-simple","22":"has-product-nav","23":"col","24":"span_1_of_4","25":"owp-content-center","26":"owp-thumbs-layout-vertical","27":"owp-btn-normal","28":"owp-tabs-layout-vertical"},"_links":{"self":[{"href":"https:\/\/dimasnatural.com\/index.php\/wp-json\/wp\/v2\/product\/2349","targetHints":{"allow":["GET"]}}],"collection":[{"href":"https:\/\/dimasnatural.com\/index.php\/wp-json\/wp\/v2\/product"}],"about":[{"href":"https:\/\/dimasnatural.com\/index.php\/wp-json\/wp\/v2\/types\/product"}],"replies":[{"embeddable":true,"href":"https:\/\/dimasnatural.com\/index.php\/wp-json\/wp\/v2\/comments?post=2349"}],"wp:featuredmedia":[{"embeddable":true,"href":"https:\/\/dimasnatural.com\/index.php\/wp-json\/wp\/v2\/media\/2328"}],"wp:attachment":[{"href":"https:\/\/dimasnatural.com\/index.php\/wp-json\/wp\/v2\/media?parent=2349"}],"wp:term":[{"taxonomy":"product_cat","embeddable":true,"href":"https:\/\/dimasnatural.com\/index.php\/wp-json\/wp\/v2\/product_cat?post=2349"},{"taxonomy":"product_tag","embeddable":true,"href":"https:\/\/dimasnatural.com\/index.php\/wp-json\/wp\/v2\/product_tag?post=2349"}],"curies":[{"name":"wp","href":"https:\/\/api.w.org\/{rel}","templated":true}]}}