{"id":2401,"date":"2025-11-21T22:08:14","date_gmt":"2025-11-21T21:08:14","guid":{"rendered":"https:\/\/dimasnatural.com\/?post_type=product&#038;p=2401"},"modified":"2025-11-21T23:06:06","modified_gmt":"2025-11-21T22:06:06","slug":"llavero-geco","status":"publish","type":"product","link":"https:\/\/dimasnatural.com\/index.php\/producto\/llavero-geco\/","title":{"rendered":"LLavero Geco"},"content":{"rendered":"<p>Llavero\u00a0 de cuero y metal artesanal, realizado con tiras de cuero de curtido vegetal, formando una trenzado de 4 tientos doble, para sujetar la pieza de dise\u00f1o en forma de geco, su significado: <strong>Buena suerte y prosperidad:<\/strong> <span data-huuid=\"11488892651634957792\">Es uno de los significados m\u00e1s extendidos;\u00a0<\/span><span data-huuid=\"11488892651634957547\">se cree que encontrar un gecko en casa trae buena fortuna y abundancia.<span class=\"pjBG2e\" data-cid=\"a7659b7f-a714-43a0-8f4f-404f330f0a60\"><span class=\"UV3uM\">\u00a0<\/span><\/span><\/span><strong>Equilibrio emocional y serenidad:<\/strong> Representa la armon\u00eda, el equilibrio emocional y la capacidad de encontrar la calma. <strong>Conexi\u00f3n con el drag\u00f3n:<\/strong> En la cultura china, los reptiles como el gecko est\u00e1n simb\u00f3licamente conectados con el drag\u00f3n, que simboliza buena suerte, poder y equilibrio, seg\u00fan el Feng Shui.<span class=\"pjBG2e\" data-cid=\"9ad39d72-f351-4e0c-886f-9f575caa6ece\"><span class=\"UV3uM\">\u00a0<\/span><\/span><span class=\"T286Pc\" data-sfc-cp=\"\">E<\/span>l llavero lleva una anilla met\u00e1lica para las llaves, todos los metales que utilizamos son de zamak ba\u00f1ados con 10 micras de plata, para evitar alergias a ciertos metales y aumentar la durabilidad y calidad del producto.<\/p>\n","protected":false},"excerpt":{"rendered":"<p>Llavero\u00a0 de cuero y metal artesanal, realizado con tiras de cuero de curtido vegetal, formando una trenzado de 4 tientos doble, para sujetar la pieza de dise\u00f1o en forma de geco, su significado: Buena suerte y prosperidad: Es uno de los significados m\u00e1s extendidos;\u00a0se cree que encontrar un gecko en casa trae buena fortuna y [&hellip;]<\/p>\n","protected":false},"featured_media":2368,"comment_status":"open","ping_status":"closed","template":"","meta":{"ocean_post_layout":"","ocean_both_sidebars_style":"","ocean_both_sidebars_content_width":0,"ocean_both_sidebars_sidebars_width":0,"ocean_sidebar":"","ocean_second_sidebar":"","ocean_disable_margins":"enable","ocean_add_body_class":"","ocean_shortcode_before_top_bar":"","ocean_shortcode_after_top_bar":"","ocean_shortcode_before_header":"","ocean_shortcode_after_header":"","ocean_has_shortcode":"","ocean_shortcode_after_title":"","ocean_shortcode_before_footer_widgets":"","ocean_shortcode_after_footer_widgets":"","ocean_shortcode_before_footer_bottom":"","ocean_shortcode_after_footer_bottom":"","ocean_display_top_bar":"default","ocean_display_header":"default","ocean_header_style":"","ocean_center_header_left_menu":"","ocean_custom_header_template":"","ocean_custom_logo":0,"ocean_custom_retina_logo":0,"ocean_custom_logo_max_width":0,"ocean_custom_logo_tablet_max_width":0,"ocean_custom_logo_mobile_max_width":0,"ocean_custom_logo_max_height":0,"ocean_custom_logo_tablet_max_height":0,"ocean_custom_logo_mobile_max_height":0,"ocean_header_custom_menu":"","ocean_menu_typo_font_family":"","ocean_menu_typo_font_subset":"","ocean_menu_typo_font_size":0,"ocean_menu_typo_font_size_tablet":0,"ocean_menu_typo_font_size_mobile":0,"ocean_menu_typo_font_size_unit":"px","ocean_menu_typo_font_weight":"","ocean_menu_typo_font_weight_tablet":"","ocean_menu_typo_font_weight_mobile":"","ocean_menu_typo_transform":"","ocean_menu_typo_transform_tablet":"","ocean_menu_typo_transform_mobile":"","ocean_menu_typo_line_height":0,"ocean_menu_typo_line_height_tablet":0,"ocean_menu_typo_line_height_mobile":0,"ocean_menu_typo_line_height_unit":"","ocean_menu_typo_spacing":0,"ocean_menu_typo_spacing_tablet":0,"ocean_menu_typo_spacing_mobile":0,"ocean_menu_typo_spacing_unit":"","ocean_menu_link_color":"","ocean_menu_link_color_hover":"","ocean_menu_link_color_active":"","ocean_menu_link_background":"","ocean_menu_link_hover_background":"","ocean_menu_link_active_background":"","ocean_menu_social_links_bg":"","ocean_menu_social_hover_links_bg":"","ocean_menu_social_links_color":"","ocean_menu_social_hover_links_color":"","ocean_disable_title":"default","ocean_disable_heading":"default","ocean_post_title":"","ocean_post_subheading":"","ocean_post_title_style":"","ocean_post_title_background_color":"","ocean_post_title_background":0,"ocean_post_title_bg_image_position":"","ocean_post_title_bg_image_attachment":"","ocean_post_title_bg_image_repeat":"","ocean_post_title_bg_image_size":"","ocean_post_title_height":0,"ocean_post_title_bg_overlay":0.5,"ocean_post_title_bg_overlay_color":"","ocean_disable_breadcrumbs":"default","ocean_breadcrumbs_color":"","ocean_breadcrumbs_separator_color":"","ocean_breadcrumbs_links_color":"","ocean_breadcrumbs_links_hover_color":"","ocean_display_footer_widgets":"default","ocean_display_footer_bottom":"default","ocean_custom_footer_template":""},"product_cat":[87,36],"product_tag":[29,141,42,222,225,232,231],"class_list":{"0":"post-2401","1":"product","2":"type-product","3":"status-publish","4":"has-post-thumbnail","6":"product_cat-accesorios","7":"product_cat-llaveros","8":"product_tag-artesania-cuero","9":"product_tag-hecho-a-mano-cuero","10":"product_tag-llavero","11":"product_tag-llavero-cuero","12":"product_tag-llavero-cuero-artesanal","13":"product_tag-llavero-lagartija","14":"product_tag-llavero-lagarto","16":"entry","17":"has-media","19":"first","20":"instock","21":"taxable","22":"shipping-taxable","23":"purchasable","24":"product-type-simple","25":"has-product-nav","26":"col","27":"span_1_of_4","28":"owp-content-center","29":"owp-thumbs-layout-vertical","30":"owp-btn-normal","31":"owp-tabs-layout-vertical","32":"has-no-thumbnails"},"_links":{"self":[{"href":"https:\/\/dimasnatural.com\/index.php\/wp-json\/wp\/v2\/product\/2401","targetHints":{"allow":["GET"]}}],"collection":[{"href":"https:\/\/dimasnatural.com\/index.php\/wp-json\/wp\/v2\/product"}],"about":[{"href":"https:\/\/dimasnatural.com\/index.php\/wp-json\/wp\/v2\/types\/product"}],"replies":[{"embeddable":true,"href":"https:\/\/dimasnatural.com\/index.php\/wp-json\/wp\/v2\/comments?post=2401"}],"wp:featuredmedia":[{"embeddable":true,"href":"https:\/\/dimasnatural.com\/index.php\/wp-json\/wp\/v2\/media\/2368"}],"wp:attachment":[{"href":"https:\/\/dimasnatural.com\/index.php\/wp-json\/wp\/v2\/media?parent=2401"}],"wp:term":[{"taxonomy":"product_cat","embeddable":true,"href":"https:\/\/dimasnatural.com\/index.php\/wp-json\/wp\/v2\/product_cat?post=2401"},{"taxonomy":"product_tag","embeddable":true,"href":"https:\/\/dimasnatural.com\/index.php\/wp-json\/wp\/v2\/product_tag?post=2401"}],"curies":[{"name":"wp","href":"https:\/\/api.w.org\/{rel}","templated":true}]}}