{"id":2403,"date":"2025-11-21T22:01:56","date_gmt":"2025-11-21T21:01:56","guid":{"rendered":"https:\/\/dimasnatural.com\/?post_type=product&#038;p=2403"},"modified":"2025-11-21T23:07:39","modified_gmt":"2025-11-21T22:07:39","slug":"llavero-lagartija","status":"publish","type":"product","link":"https:\/\/dimasnatural.com\/index.php\/producto\/llavero-lagartija\/","title":{"rendered":"LLavero Lagartija"},"content":{"rendered":"<p>Llavero\u00a0 de cuero y metal artesanal, realizado con tiras de cuero de curtido vegetal, formando una trenzado de 4 tientos doble, para sujetar la pieza de dise\u00f1o en forma de lagartija, <span data-huuid=\"6338978891080401256\">El significado de las lagartijas est\u00e1 asociado con la renovaci\u00f3n, la adaptabilidad y la protecci\u00f3n.\u00a0<\/span><span data-huuid=\"6338978891080402045\">Su capacidad de regenerar su cola se interpreta como un s\u00edmbolo de resiliencia, superaci\u00f3n y la habilidad de dejar atr\u00e1s lo que no sirve para avanzar.\u00a0<\/span><span data-huuid=\"6338978891080402834\">Tambi\u00e9n se asocian con la buena suerte, la prosperidad y la sabidur\u00eda.<\/span><span class=\"T286Pc\" data-sfc-cp=\"\">\u00a0E<\/span>l llavero lleva una anilla met\u00e1lica para las llaves, todos los metales que utilizamos son de zamak ba\u00f1ados con 10 micras de plata, para evitar alergias a ciertos metales y aumentar la durabilidad y calidad del producto.<\/p>\n","protected":false},"excerpt":{"rendered":"<p>Llavero\u00a0 de cuero y metal artesanal, realizado con tiras de cuero de curtido vegetal, formando una trenzado de 4 tientos doble, para sujetar la pieza de dise\u00f1o en forma de lagartija, El significado de las lagartijas est\u00e1 asociado con la renovaci\u00f3n, la adaptabilidad y la protecci\u00f3n.\u00a0Su capacidad de regenerar su cola se interpreta como un [&hellip;]<\/p>\n","protected":false},"featured_media":2371,"comment_status":"open","ping_status":"closed","template":"","meta":{"ocean_post_layout":"","ocean_both_sidebars_style":"","ocean_both_sidebars_content_width":0,"ocean_both_sidebars_sidebars_width":0,"ocean_sidebar":"","ocean_second_sidebar":"","ocean_disable_margins":"enable","ocean_add_body_class":"","ocean_shortcode_before_top_bar":"","ocean_shortcode_after_top_bar":"","ocean_shortcode_before_header":"","ocean_shortcode_after_header":"","ocean_has_shortcode":"","ocean_shortcode_after_title":"","ocean_shortcode_before_footer_widgets":"","ocean_shortcode_after_footer_widgets":"","ocean_shortcode_before_footer_bottom":"","ocean_shortcode_after_footer_bottom":"","ocean_display_top_bar":"default","ocean_display_header":"default","ocean_header_style":"","ocean_center_header_left_menu":"","ocean_custom_header_template":"","ocean_custom_logo":0,"ocean_custom_retina_logo":0,"ocean_custom_logo_max_width":0,"ocean_custom_logo_tablet_max_width":0,"ocean_custom_logo_mobile_max_width":0,"ocean_custom_logo_max_height":0,"ocean_custom_logo_tablet_max_height":0,"ocean_custom_logo_mobile_max_height":0,"ocean_header_custom_menu":"","ocean_menu_typo_font_family":"","ocean_menu_typo_font_subset":"","ocean_menu_typo_font_size":0,"ocean_menu_typo_font_size_tablet":0,"ocean_menu_typo_font_size_mobile":0,"ocean_menu_typo_font_size_unit":"px","ocean_menu_typo_font_weight":"","ocean_menu_typo_font_weight_tablet":"","ocean_menu_typo_font_weight_mobile":"","ocean_menu_typo_transform":"","ocean_menu_typo_transform_tablet":"","ocean_menu_typo_transform_mobile":"","ocean_menu_typo_line_height":0,"ocean_menu_typo_line_height_tablet":0,"ocean_menu_typo_line_height_mobile":0,"ocean_menu_typo_line_height_unit":"","ocean_menu_typo_spacing":0,"ocean_menu_typo_spacing_tablet":0,"ocean_menu_typo_spacing_mobile":0,"ocean_menu_typo_spacing_unit":"","ocean_menu_link_color":"","ocean_menu_link_color_hover":"","ocean_menu_link_color_active":"","ocean_menu_link_background":"","ocean_menu_link_hover_background":"","ocean_menu_link_active_background":"","ocean_menu_social_links_bg":"","ocean_menu_social_hover_links_bg":"","ocean_menu_social_links_color":"","ocean_menu_social_hover_links_color":"","ocean_disable_title":"default","ocean_disable_heading":"default","ocean_post_title":"","ocean_post_subheading":"","ocean_post_title_style":"","ocean_post_title_background_color":"","ocean_post_title_background":0,"ocean_post_title_bg_image_position":"","ocean_post_title_bg_image_attachment":"","ocean_post_title_bg_image_repeat":"","ocean_post_title_bg_image_size":"","ocean_post_title_height":0,"ocean_post_title_bg_overlay":0.5,"ocean_post_title_bg_overlay_color":"","ocean_disable_breadcrumbs":"default","ocean_breadcrumbs_color":"","ocean_breadcrumbs_separator_color":"","ocean_breadcrumbs_links_color":"","ocean_breadcrumbs_links_hover_color":"","ocean_display_footer_widgets":"default","ocean_display_footer_bottom":"default","ocean_custom_footer_template":""},"product_cat":[87,36],"product_tag":[114,233,225,232,234],"class_list":{"0":"post-2403","1":"product","2":"type-product","3":"status-publish","4":"has-post-thumbnail","6":"product_cat-accesorios","7":"product_cat-llaveros","8":"product_tag-hecho-a-mano","9":"product_tag-lagartija","10":"product_tag-llavero-cuero-artesanal","11":"product_tag-llavero-lagartija","12":"product_tag-llavero-suerte","14":"entry","15":"has-media","17":"first","18":"instock","19":"taxable","20":"shipping-taxable","21":"purchasable","22":"product-type-simple","23":"has-product-nav","24":"col","25":"span_1_of_4","26":"owp-content-center","27":"owp-thumbs-layout-vertical","28":"owp-btn-normal","29":"owp-tabs-layout-vertical","30":"has-no-thumbnails"},"_links":{"self":[{"href":"https:\/\/dimasnatural.com\/index.php\/wp-json\/wp\/v2\/product\/2403","targetHints":{"allow":["GET"]}}],"collection":[{"href":"https:\/\/dimasnatural.com\/index.php\/wp-json\/wp\/v2\/product"}],"about":[{"href":"https:\/\/dimasnatural.com\/index.php\/wp-json\/wp\/v2\/types\/product"}],"replies":[{"embeddable":true,"href":"https:\/\/dimasnatural.com\/index.php\/wp-json\/wp\/v2\/comments?post=2403"}],"wp:featuredmedia":[{"embeddable":true,"href":"https:\/\/dimasnatural.com\/index.php\/wp-json\/wp\/v2\/media\/2371"}],"wp:attachment":[{"href":"https:\/\/dimasnatural.com\/index.php\/wp-json\/wp\/v2\/media?parent=2403"}],"wp:term":[{"taxonomy":"product_cat","embeddable":true,"href":"https:\/\/dimasnatural.com\/index.php\/wp-json\/wp\/v2\/product_cat?post=2403"},{"taxonomy":"product_tag","embeddable":true,"href":"https:\/\/dimasnatural.com\/index.php\/wp-json\/wp\/v2\/product_tag?post=2403"}],"curies":[{"name":"wp","href":"https:\/\/api.w.org\/{rel}","templated":true}]}}