{"id":2408,"date":"2025-11-19T22:59:31","date_gmt":"2025-11-19T21:59:31","guid":{"rendered":"https:\/\/dimasnatural.com\/?post_type=product&#038;p=2408"},"modified":"2025-11-21T23:06:45","modified_gmt":"2025-11-21T22:06:45","slug":"llavero-robot","status":"publish","type":"product","link":"https:\/\/dimasnatural.com\/index.php\/producto\/llavero-robot\/","title":{"rendered":"LLavero Robot"},"content":{"rendered":"<p>Llavero\u00a0 de cuero y metal artesanal, realizado con tiras de cuero de curtido vegetal, formando una trenzado de 6 tientos en forma de espiga, trenzado sobre una base de cuero de 1,5 mm de espesor, para sostener\u00a0 la pieza de dise\u00f1o en forma de imagen<strong class=\"Yjhzub\" data-processed=\"true\"> tradicional o \u00abretro\u00bb del robot:<\/strong> Culturalmente, los robots de juguete o los personajes de dibujos animados a menudo tienen cabezas y cuerpos cuadrados o rectangulares, lo que evoca una imagen cl\u00e1sica y simple de aut\u00f3mata, en contraste con los dise\u00f1os humanoides m\u00e1s modernos y complejos<span class=\"T286Pc\" data-sfc-cp=\"\">, marcando la similitud del hombre y las maquinas,\u00a0 E<\/span>l llavero lleva una anilla met\u00e1lica para las llaves, todos los metales que utilizamos son de zamak ba\u00f1ados con 10 micras de plata, para evitar alergias a ciertos metales y aumentar la durabilidad y calidad del producto.<\/p>\n","protected":false},"excerpt":{"rendered":"<p>Llavero\u00a0 de cuero y metal artesanal, realizado con tiras de cuero de curtido vegetal, formando una trenzado de 6 tientos en forma de espiga, trenzado sobre una base de cuero de 1,5 mm de espesor, para sostener\u00a0 la pieza de dise\u00f1o en forma de imagen tradicional o \u00abretro\u00bb del robot: Culturalmente, los robots de juguete [&hellip;]<\/p>\n","protected":false},"featured_media":2377,"comment_status":"open","ping_status":"closed","template":"","meta":{"ocean_post_layout":"","ocean_both_sidebars_style":"","ocean_both_sidebars_content_width":0,"ocean_both_sidebars_sidebars_width":0,"ocean_sidebar":"","ocean_second_sidebar":"","ocean_disable_margins":"enable","ocean_add_body_class":"","ocean_shortcode_before_top_bar":"","ocean_shortcode_after_top_bar":"","ocean_shortcode_before_header":"","ocean_shortcode_after_header":"","ocean_has_shortcode":"","ocean_shortcode_after_title":"","ocean_shortcode_before_footer_widgets":"","ocean_shortcode_after_footer_widgets":"","ocean_shortcode_before_footer_bottom":"","ocean_shortcode_after_footer_bottom":"","ocean_display_top_bar":"default","ocean_display_header":"default","ocean_header_style":"","ocean_center_header_left_menu":"","ocean_custom_header_template":"","ocean_custom_logo":0,"ocean_custom_retina_logo":0,"ocean_custom_logo_max_width":0,"ocean_custom_logo_tablet_max_width":0,"ocean_custom_logo_mobile_max_width":0,"ocean_custom_logo_max_height":0,"ocean_custom_logo_tablet_max_height":0,"ocean_custom_logo_mobile_max_height":0,"ocean_header_custom_menu":"","ocean_menu_typo_font_family":"","ocean_menu_typo_font_subset":"","ocean_menu_typo_font_size":0,"ocean_menu_typo_font_size_tablet":0,"ocean_menu_typo_font_size_mobile":0,"ocean_menu_typo_font_size_unit":"px","ocean_menu_typo_font_weight":"","ocean_menu_typo_font_weight_tablet":"","ocean_menu_typo_font_weight_mobile":"","ocean_menu_typo_transform":"","ocean_menu_typo_transform_tablet":"","ocean_menu_typo_transform_mobile":"","ocean_menu_typo_line_height":0,"ocean_menu_typo_line_height_tablet":0,"ocean_menu_typo_line_height_mobile":0,"ocean_menu_typo_line_height_unit":"","ocean_menu_typo_spacing":0,"ocean_menu_typo_spacing_tablet":0,"ocean_menu_typo_spacing_mobile":0,"ocean_menu_typo_spacing_unit":"","ocean_menu_link_color":"","ocean_menu_link_color_hover":"","ocean_menu_link_color_active":"","ocean_menu_link_background":"","ocean_menu_link_hover_background":"","ocean_menu_link_active_background":"","ocean_menu_social_links_bg":"","ocean_menu_social_hover_links_bg":"","ocean_menu_social_links_color":"","ocean_menu_social_hover_links_color":"","ocean_disable_title":"default","ocean_disable_heading":"default","ocean_post_title":"","ocean_post_subheading":"","ocean_post_title_style":"","ocean_post_title_background_color":"","ocean_post_title_background":0,"ocean_post_title_bg_image_position":"","ocean_post_title_bg_image_attachment":"","ocean_post_title_bg_image_repeat":"","ocean_post_title_bg_image_size":"","ocean_post_title_height":0,"ocean_post_title_bg_overlay":0.5,"ocean_post_title_bg_overlay_color":"","ocean_disable_breadcrumbs":"default","ocean_breadcrumbs_color":"","ocean_breadcrumbs_separator_color":"","ocean_breadcrumbs_links_color":"","ocean_breadcrumbs_links_hover_color":"","ocean_display_footer_widgets":"default","ocean_display_footer_bottom":"default","ocean_custom_footer_template":""},"product_cat":[87,36],"product_tag":[246,244,243,245],"class_list":{"0":"post-2408","1":"product","2":"type-product","3":"status-publish","4":"has-post-thumbnail","6":"product_cat-accesorios","7":"product_cat-llaveros","8":"product_tag-hecho-a-mano-robot","9":"product_tag-llavero-friki-regalo","10":"product_tag-llavero-robot","11":"product_tag-llavero-robot-cuero-plata","13":"entry","14":"has-media","16":"first","17":"instock","18":"taxable","19":"shipping-taxable","20":"purchasable","21":"product-type-simple","22":"has-product-nav","23":"col","24":"span_1_of_4","25":"owp-content-center","26":"owp-thumbs-layout-vertical","27":"owp-btn-normal","28":"owp-tabs-layout-vertical"},"_links":{"self":[{"href":"https:\/\/dimasnatural.com\/index.php\/wp-json\/wp\/v2\/product\/2408","targetHints":{"allow":["GET"]}}],"collection":[{"href":"https:\/\/dimasnatural.com\/index.php\/wp-json\/wp\/v2\/product"}],"about":[{"href":"https:\/\/dimasnatural.com\/index.php\/wp-json\/wp\/v2\/types\/product"}],"replies":[{"embeddable":true,"href":"https:\/\/dimasnatural.com\/index.php\/wp-json\/wp\/v2\/comments?post=2408"}],"wp:featuredmedia":[{"embeddable":true,"href":"https:\/\/dimasnatural.com\/index.php\/wp-json\/wp\/v2\/media\/2377"}],"wp:attachment":[{"href":"https:\/\/dimasnatural.com\/index.php\/wp-json\/wp\/v2\/media?parent=2408"}],"wp:term":[{"taxonomy":"product_cat","embeddable":true,"href":"https:\/\/dimasnatural.com\/index.php\/wp-json\/wp\/v2\/product_cat?post=2408"},{"taxonomy":"product_tag","embeddable":true,"href":"https:\/\/dimasnatural.com\/index.php\/wp-json\/wp\/v2\/product_tag?post=2408"}],"curies":[{"name":"wp","href":"https:\/\/api.w.org\/{rel}","templated":true}]}}