{"id":2414,"date":"2025-11-19T22:15:31","date_gmt":"2025-11-19T21:15:31","guid":{"rendered":"https:\/\/dimasnatural.com\/?post_type=product&#038;p=2414"},"modified":"2025-11-21T23:09:35","modified_gmt":"2025-11-21T22:09:35","slug":"llavero-trisquel","status":"publish","type":"product","link":"https:\/\/dimasnatural.com\/index.php\/producto\/llavero-trisquel\/","title":{"rendered":"LLavero Trisquel"},"content":{"rendered":"<p>Llavero de cuero artesanal, realizado con tira de cuero de 1 mm de espesor, en una pieza circular cosida en todo su circunferencia con una tira plana de cuero, en el centro una pieza de dise\u00f1o con forma de trisquel,\u00a0 con un trenzado de cuatro tientos en redondo, para sujetar la anilla met\u00e1lica sujeta llaves. <span data-huuid=\"77852947655802278\">El trisquel celta es un s\u00edmbolo con profundos significados, representando la evoluci\u00f3n en equilibrio. entre cuerpo mente y esp\u00edritu, y la uni\u00f3n del pasado, presente y futuro, <\/span><span data-huuid=\"77852947655802871\">Tambi\u00e9n simboliza la conexi\u00f3n con los tres elementos (fuego, aire y agua), el movimiento continuo (representado por el sol y la naturaleza) y se usaba como talism\u00e1n para sanar y proteger contra el mal de ojo.<\/span> Todos los metales que utilizamos son de zamak ba\u00f1ados con 10 micras de plata, para evitar alergias a ciertos metales y aumentar la durabilidad y calidad del producto.<\/p>\n<div id=\"pDAeaYLmKNrg7_UPw4nnyAQ__45\" class=\"bsmXxe\" role=\"none\">\n<div class=\"zMgcWd dSKvsb\" data-il=\"\">\n<div class=\"zMgcWd dSKvsb\" data-il=\"\"><\/div>\n<\/div>\n<div id=\"pDAeaYLmKNrg7_UPw4nnyAQ__52\" class=\"bsmXxe\" role=\"none\"><\/div>\n<\/div>\n","protected":false},"excerpt":{"rendered":"<p>Llavero de cuero artesanal, realizado con tira de cuero de 1 mm de espesor, en una pieza circular cosida en todo su circunferencia con una tira plana de cuero, en el centro una pieza de dise\u00f1o con forma de trisquel,\u00a0 con un trenzado de cuatro tientos en redondo, para sujetar la anilla met\u00e1lica sujeta llaves. [&hellip;]<\/p>\n","protected":false},"featured_media":2384,"comment_status":"open","ping_status":"closed","template":"","meta":{"ocean_post_layout":"","ocean_both_sidebars_style":"","ocean_both_sidebars_content_width":0,"ocean_both_sidebars_sidebars_width":0,"ocean_sidebar":"","ocean_second_sidebar":"","ocean_disable_margins":"enable","ocean_add_body_class":"","ocean_shortcode_before_top_bar":"","ocean_shortcode_after_top_bar":"","ocean_shortcode_before_header":"","ocean_shortcode_after_header":"","ocean_has_shortcode":"","ocean_shortcode_after_title":"","ocean_shortcode_before_footer_widgets":"","ocean_shortcode_after_footer_widgets":"","ocean_shortcode_before_footer_bottom":"","ocean_shortcode_after_footer_bottom":"","ocean_display_top_bar":"default","ocean_display_header":"default","ocean_header_style":"","ocean_center_header_left_menu":"","ocean_custom_header_template":"","ocean_custom_logo":0,"ocean_custom_retina_logo":0,"ocean_custom_logo_max_width":0,"ocean_custom_logo_tablet_max_width":0,"ocean_custom_logo_mobile_max_width":0,"ocean_custom_logo_max_height":0,"ocean_custom_logo_tablet_max_height":0,"ocean_custom_logo_mobile_max_height":0,"ocean_header_custom_menu":"","ocean_menu_typo_font_family":"","ocean_menu_typo_font_subset":"","ocean_menu_typo_font_size":0,"ocean_menu_typo_font_size_tablet":0,"ocean_menu_typo_font_size_mobile":0,"ocean_menu_typo_font_size_unit":"px","ocean_menu_typo_font_weight":"","ocean_menu_typo_font_weight_tablet":"","ocean_menu_typo_font_weight_mobile":"","ocean_menu_typo_transform":"","ocean_menu_typo_transform_tablet":"","ocean_menu_typo_transform_mobile":"","ocean_menu_typo_line_height":0,"ocean_menu_typo_line_height_tablet":0,"ocean_menu_typo_line_height_mobile":0,"ocean_menu_typo_line_height_unit":"","ocean_menu_typo_spacing":0,"ocean_menu_typo_spacing_tablet":0,"ocean_menu_typo_spacing_mobile":0,"ocean_menu_typo_spacing_unit":"","ocean_menu_link_color":"","ocean_menu_link_color_hover":"","ocean_menu_link_color_active":"","ocean_menu_link_background":"","ocean_menu_link_hover_background":"","ocean_menu_link_active_background":"","ocean_menu_social_links_bg":"","ocean_menu_social_hover_links_bg":"","ocean_menu_social_links_color":"","ocean_menu_social_hover_links_color":"","ocean_disable_title":"default","ocean_disable_heading":"default","ocean_post_title":"","ocean_post_subheading":"","ocean_post_title_style":"","ocean_post_title_background_color":"","ocean_post_title_background":0,"ocean_post_title_bg_image_position":"","ocean_post_title_bg_image_attachment":"","ocean_post_title_bg_image_repeat":"","ocean_post_title_bg_image_size":"","ocean_post_title_height":0,"ocean_post_title_bg_overlay":0.5,"ocean_post_title_bg_overlay_color":"","ocean_disable_breadcrumbs":"default","ocean_breadcrumbs_color":"","ocean_breadcrumbs_separator_color":"","ocean_breadcrumbs_links_color":"","ocean_breadcrumbs_links_hover_color":"","ocean_display_footer_widgets":"default","ocean_display_footer_bottom":"default","ocean_custom_footer_template":""},"product_cat":[87,36],"product_tag":[114,236,234,258,259,74],"class_list":{"0":"post-2414","1":"product","2":"type-product","3":"status-publish","4":"has-post-thumbnail","6":"product_cat-accesorios","7":"product_cat-llaveros","8":"product_tag-hecho-a-mano","9":"product_tag-llavero-proteccion","10":"product_tag-llavero-suerte","11":"product_tag-llavero-triskel","12":"product_tag-llavero-triskel-cuero","13":"product_tag-triskel","15":"entry","16":"has-media","18":"first","19":"instock","20":"taxable","21":"shipping-taxable","22":"purchasable","23":"product-type-simple","24":"has-product-nav","25":"col","26":"span_1_of_4","27":"owp-content-center","28":"owp-thumbs-layout-vertical","29":"owp-btn-normal","30":"owp-tabs-layout-vertical","31":"has-no-thumbnails"},"_links":{"self":[{"href":"https:\/\/dimasnatural.com\/index.php\/wp-json\/wp\/v2\/product\/2414","targetHints":{"allow":["GET"]}}],"collection":[{"href":"https:\/\/dimasnatural.com\/index.php\/wp-json\/wp\/v2\/product"}],"about":[{"href":"https:\/\/dimasnatural.com\/index.php\/wp-json\/wp\/v2\/types\/product"}],"replies":[{"embeddable":true,"href":"https:\/\/dimasnatural.com\/index.php\/wp-json\/wp\/v2\/comments?post=2414"}],"wp:featuredmedia":[{"embeddable":true,"href":"https:\/\/dimasnatural.com\/index.php\/wp-json\/wp\/v2\/media\/2384"}],"wp:attachment":[{"href":"https:\/\/dimasnatural.com\/index.php\/wp-json\/wp\/v2\/media?parent=2414"}],"wp:term":[{"taxonomy":"product_cat","embeddable":true,"href":"https:\/\/dimasnatural.com\/index.php\/wp-json\/wp\/v2\/product_cat?post=2414"},{"taxonomy":"product_tag","embeddable":true,"href":"https:\/\/dimasnatural.com\/index.php\/wp-json\/wp\/v2\/product_tag?post=2414"}],"curies":[{"name":"wp","href":"https:\/\/api.w.org\/{rel}","templated":true}]}}