{"id":811,"date":"2024-01-19T12:22:22","date_gmt":"2024-01-19T12:22:22","guid":{"rendered":"https:\/\/dimasnatural.com\/?post_type=product&#038;p=811"},"modified":"2025-11-21T23:36:34","modified_gmt":"2025-11-21T22:36:34","slug":"llavero-de-estrella-rojo","status":"publish","type":"product","link":"https:\/\/dimasnatural.com\/index.php\/producto\/llavero-de-estrella-rojo\/","title":{"rendered":"LLavero de Estrella Rojo"},"content":{"rendered":"<p>Llavero de cuero artesanal, con una base de 1 mm de espesor calada en forma de estrella y con fondo de cuero rojo, en su interior lleva una esponja para que tenga un tacto mullido, cosido en toda su circunferencia con tira de cuero de 1mm, con un trenzado de cuatro tientos en redondo, para sujetar la anilla met\u00e1lica sujeta llaves, la estrella roja de cinco puntas a lo largo de la historia, fue utilizada por ornamentos, emblemas, banderas o logotipos, con prop\u00f3sitos muy variados, es por eso que no pod\u00eda faltar entre nuestros dise\u00f1os, todos los metales que utilizamos son de zamak ba\u00f1ados con 10 micras de plata, para evitar alergias a ciertos metales y aumentar la durabilidad y calidad del producto.<\/p>\n","protected":false},"excerpt":{"rendered":"<p>Llavero de cuero artesanal, con una base de 1 mm de espesor calada en forma de estrella y con fondo de cuero rojo, en su interior lleva una esponja para que tenga un tacto mullido, cosido en toda su circunferencia con tira de cuero de 1mm, con un trenzado de cuatro tientos en redondo, para [&hellip;]<\/p>\n","protected":false},"featured_media":2364,"comment_status":"open","ping_status":"closed","template":"","meta":{"ocean_post_layout":"","ocean_both_sidebars_style":"","ocean_both_sidebars_content_width":0,"ocean_both_sidebars_sidebars_width":0,"ocean_sidebar":"0","ocean_second_sidebar":"0","ocean_disable_margins":"enable","ocean_add_body_class":"","ocean_shortcode_before_top_bar":"","ocean_shortcode_after_top_bar":"","ocean_shortcode_before_header":"","ocean_shortcode_after_header":"","ocean_has_shortcode":"","ocean_shortcode_after_title":"","ocean_shortcode_before_footer_widgets":"","ocean_shortcode_after_footer_widgets":"","ocean_shortcode_before_footer_bottom":"","ocean_shortcode_after_footer_bottom":"","ocean_display_top_bar":"default","ocean_display_header":"default","ocean_header_style":"","ocean_center_header_left_menu":"0","ocean_custom_header_template":"0","ocean_custom_logo":0,"ocean_custom_retina_logo":0,"ocean_custom_logo_max_width":0,"ocean_custom_logo_tablet_max_width":0,"ocean_custom_logo_mobile_max_width":0,"ocean_custom_logo_max_height":0,"ocean_custom_logo_tablet_max_height":0,"ocean_custom_logo_mobile_max_height":0,"ocean_header_custom_menu":"0","ocean_menu_typo_font_family":"0","ocean_menu_typo_font_subset":"","ocean_menu_typo_font_size":0,"ocean_menu_typo_font_size_tablet":0,"ocean_menu_typo_font_size_mobile":0,"ocean_menu_typo_font_size_unit":"px","ocean_menu_typo_font_weight":"","ocean_menu_typo_font_weight_tablet":"","ocean_menu_typo_font_weight_mobile":"","ocean_menu_typo_transform":"","ocean_menu_typo_transform_tablet":"","ocean_menu_typo_transform_mobile":"","ocean_menu_typo_line_height":0,"ocean_menu_typo_line_height_tablet":0,"ocean_menu_typo_line_height_mobile":0,"ocean_menu_typo_line_height_unit":"","ocean_menu_typo_spacing":0,"ocean_menu_typo_spacing_tablet":0,"ocean_menu_typo_spacing_mobile":0,"ocean_menu_typo_spacing_unit":"","ocean_menu_link_color":"","ocean_menu_link_color_hover":"","ocean_menu_link_color_active":"","ocean_menu_link_background":"","ocean_menu_link_hover_background":"","ocean_menu_link_active_background":"","ocean_menu_social_links_bg":"","ocean_menu_social_hover_links_bg":"","ocean_menu_social_links_color":"","ocean_menu_social_hover_links_color":"","ocean_disable_title":"default","ocean_disable_heading":"default","ocean_post_title":"","ocean_post_subheading":"","ocean_post_title_style":"","ocean_post_title_background_color":"","ocean_post_title_background":0,"ocean_post_title_bg_image_position":"","ocean_post_title_bg_image_attachment":"","ocean_post_title_bg_image_repeat":"","ocean_post_title_bg_image_size":"","ocean_post_title_height":0,"ocean_post_title_bg_overlay":0.5,"ocean_post_title_bg_overlay_color":"","ocean_disable_breadcrumbs":"default","ocean_breadcrumbs_color":"","ocean_breadcrumbs_separator_color":"","ocean_breadcrumbs_links_color":"","ocean_breadcrumbs_links_hover_color":"","ocean_display_footer_widgets":"default","ocean_display_footer_bottom":"default","ocean_custom_footer_template":"0"},"product_cat":[87,36],"product_tag":[42,40,38,37,39,41],"class_list":{"0":"post-811","1":"product","2":"type-product","3":"status-publish","4":"has-post-thumbnail","6":"product_cat-accesorios","7":"product_cat-llaveros","8":"product_tag-llavero","9":"product_tag-llavero-amarillo-cuero","10":"product_tag-llavero-artesanal-cuero","11":"product_tag-llavero-de-cuero","12":"product_tag-llavero-estrella-cuero","13":"product_tag-llavero-hecho-a-mano","15":"entry","16":"has-media","18":"first","19":"instock","20":"taxable","21":"shipping-taxable","22":"purchasable","23":"product-type-simple","24":"has-product-nav","25":"col","26":"span_1_of_4","27":"owp-content-center","28":"owp-thumbs-layout-vertical","29":"owp-btn-normal","30":"owp-tabs-layout-vertical","31":"has-no-thumbnails"},"_links":{"self":[{"href":"https:\/\/dimasnatural.com\/index.php\/wp-json\/wp\/v2\/product\/811","targetHints":{"allow":["GET"]}}],"collection":[{"href":"https:\/\/dimasnatural.com\/index.php\/wp-json\/wp\/v2\/product"}],"about":[{"href":"https:\/\/dimasnatural.com\/index.php\/wp-json\/wp\/v2\/types\/product"}],"replies":[{"embeddable":true,"href":"https:\/\/dimasnatural.com\/index.php\/wp-json\/wp\/v2\/comments?post=811"}],"wp:featuredmedia":[{"embeddable":true,"href":"https:\/\/dimasnatural.com\/index.php\/wp-json\/wp\/v2\/media\/2364"}],"wp:attachment":[{"href":"https:\/\/dimasnatural.com\/index.php\/wp-json\/wp\/v2\/media?parent=811"}],"wp:term":[{"taxonomy":"product_cat","embeddable":true,"href":"https:\/\/dimasnatural.com\/index.php\/wp-json\/wp\/v2\/product_cat?post=811"},{"taxonomy":"product_tag","embeddable":true,"href":"https:\/\/dimasnatural.com\/index.php\/wp-json\/wp\/v2\/product_tag?post=811"}],"curies":[{"name":"wp","href":"https:\/\/api.w.org\/{rel}","templated":true}]}}